{"id":3,"date":"2024-11-13T17:06:35","date_gmt":"2024-11-13T17:06:35","guid":{"rendered":"https:\/\/vaismand.com\/?page_id=3"},"modified":"2026-05-13T12:12:52","modified_gmt":"2026-05-13T12:12:52","slug":"privacy-policy","status":"publish","type":"page","link":"https:\/\/vaismand.com\/at\/privacy-policy\/","title":{"rendered":"Datenschutzerkl\u00e4rung"},"content":{"rendered":"<div class=\"et_pb_section_0 et_pb_section et_section_regular et_block_section\">\n<div class=\"et_pb_row_0 et_pb_row et_flex_row preset--module--divi-row--default\">\n<div class=\"et_pb_column_0 et_pb_column et-last-child et_flex_column et_pb_css_mix_blend_mode_passthrough et_flex_column_24_24 et_flex_column_24_24_tablet et_flex_column_24_24_phone\">\n<div class=\"et_pb_heading_0 et_pb_heading et_pb_module et_flex_module preset--group--divi-heading--divi-font--hm5q2bb--default preset--group--divi-heading--divi-font--hp5h6dj--default preset--module--divi-heading--ddeb8c09-9078-4424-bc15-2efb6572e28e\"><div class=\"et_pb_heading_container\"><h1 class=\"et_pb_module_header\">Datenschutzerkl\u00e4rung<\/h1><\/div><\/div>\n\n<div class=\"et_pb_text_0 et_pb_text et_pb_bg_layout_light et_pb_module et_flex_module preset--group--divi-text--divi-font-body--h19rs5u--default preset--group--divi-text--divi-font-body--h1yjkjr--default preset--module--divi-text--default\"><div class=\"et_pb_text_inner\"><p>Diese Datenschutzerkl\u00e4rung erkl\u00e4rt, wie ich personenbezogene Daten erhebe, verwende und sch\u00fctze, wenn Sie vaismand.com besuchen, mich kontaktieren oder die \u00fcber diese Website angebotenen Leistungen nutzen.<\/p>\n<\/div><\/div>\n\n<div class=\"et_pb_divider_0 et_pb_divider et_pb_space et_pb_divider_position_top et_pb_module preset--module--divi-divider--default\"><div class=\"et_pb_divider_internal\"><\/div><\/div>\n\n<div class=\"et_pb_text_1 et_pb_text et_pb_bg_layout_light et_pb_module et_flex_module preset--group--divi-text--divi-font-body--h19rs5u--default preset--group--divi-text--divi-font-body--h1yjkjr--default preset--module--divi-text--default\"><div class=\"et_pb_text_inner\"><p>Zuletzt aktualisiert: 13. Mai 2026<\/p>\n<\/div><\/div>\n<\/div>\n<\/div>\n\n<div class=\"et_pb_row_1 et_pb_row et_flex_row preset--module--divi-row--default\">\n<div class=\"et_pb_column_1 et_pb_column et_flex_column et_pb_css_mix_blend_mode_passthrough et_flex_column_6_24 et_flex_column_6_24_tablet et_flex_column_24_24_phone legal-sidebar-column\">\n<div class=\"et_pb_code_0 et_pb_code et_pb_module\"><div class=\"et_pb_code_inner\"><div class=\"legal-sidebar\">\n  <p class=\"legal-sidebar-title\">Auf dieser Seite<\/p>\n\n  <a href=\"#introduction\" class=\"sidebar-link\">1. Einleitung<\/a>\n  <a href=\"#data-collected\" class=\"sidebar-link\">2. Welche Daten erfasst werden<\/a>\n  <a href=\"#data-use\" class=\"sidebar-link\">3. Wie Ihre Daten verwendet werden<\/a>\n  <a href=\"#cookies\" class=\"sidebar-link\">4. Cookies &amp; Tracking<\/a>\n  <a href=\"#third-party\" class=\"sidebar-link\">5. Drittanbieter-Dienste<\/a>\n  <a href=\"#security\" class=\"sidebar-link\">6. Datenspeicherung &amp; Sicherheit<\/a>\n  <a href=\"#rights\" class=\"sidebar-link\">7. Ihre Rechte<\/a>\n  <a href=\"#retention\" class=\"sidebar-link\">8. Datenspeicherung<\/a>\n  <a href=\"#contact\" class=\"sidebar-link\">9. Kontakt<\/a>\n\t <a href=\"#changes\" class=\"sidebar-link\">10. \u00c4nderungen dieser Datenschutzerkl\u00e4rung<\/a>\n<\/div><\/div><\/div>\n<\/div>\n\n<div class=\"et_pb_column_2 et_pb_column et-last-child et_flex_column et_pb_css_mix_blend_mode_passthrough et_flex_column_18_24 et_flex_column_18_24_tablet et_flex_column_24_24_phone\">\n<div class=\"et_pb_row_2 et_pb_row et_pb_row_nested et_flex_row preset--module--divi-row--default\">\n<div class=\"et_pb_column_3 et_pb_column et-last-child et_flex_column et_pb_css_mix_blend_mode_passthrough et_flex_column_24_24 et_flex_column_24_24_tablet et_flex_column_24_24_phone\">\n<div class=\"et_pb_row_3 et_pb_row et_pb_row_nested et_flex_row preset--module--divi-row--default\" id=\"introduction\">\n<div class=\"et_pb_column_4 et_pb_column et_flex_column et_pb_css_mix_blend_mode_passthrough et_flex_column_3_24 et_flex_column_6_24_tablet et_flex_column_24_24_phone\">\n<div class=\"et_pb_icon_0 et_pb_icon et_pb_module et_flex_module preset--module--divi-icon--default\"><span class=\"et_pb_icon_wrap\"><span class=\"et-pb-icon\">p<\/span><\/span><\/div>\n<\/div>\n\n<div class=\"et_pb_column_5 et_pb_column et-last-child et_flex_column et_pb_css_mix_blend_mode_passthrough et_flex_column_24_24 et_flex_column_18_24_tablet et_flex_column_24_24_phone\">\n<div class=\"et_pb_heading_1 et_pb_heading et_pb_module et_flex_module preset--group--divi-heading--divi-font--hp5h6dj--ouo1ujgovw preset--module--divi-heading--6909f15094d28\"><div class=\"et_pb_heading_container\"><h2 class=\"et_pb_module_header\">1. Einleitung<\/h2><\/div><\/div>\n\n<div class=\"et_pb_text_2 et_pb_text et_pb_bg_layout_light et_pb_module et_flex_module preset--group--divi-text--divi-font-body--h19rs5u--default preset--group--divi-text--divi-font-body--h1yjkjr--default preset--module--divi-text--default\"><div class=\"et_pb_text_inner\"><p>Der Schutz Ihrer pers\u00f6nlichen Daten ist mir wichtig. Diese Datenschutzerkl\u00e4rung erkl\u00e4rt, welche Informationen erfasst werden k\u00f6nnen, wenn Sie vaismand.com besuchen, mich \u00fcber diese Website kontaktieren oder die hier angebotenen Leistungen nutzen.<\/p>\n<p>Die Verarbeitung personenbezogener Daten erfolgt gem\u00e4\u00df den geltenden Datenschutzbestimmungen, insbesondere der Datenschutz-Grundverordnung (DSGVO) der Europ\u00e4ischen Union.<\/p>\n<p>Diese Website wird von einem freiberuflichen Webentwickler mit Sitz in Wien, \u00d6sterreich betrieben und kann Drittanbieter-Dienste wie Analyse-Tools, Hosting-Infrastruktur, Sicherheitsdienste oder eingebettete Inhalte verwenden, um Funktionalit\u00e4t, Sicherheit und Benutzerfreundlichkeit zu verbessern.<\/p>\n<\/div><\/div>\n<\/div>\n<\/div>\n\n<div class=\"et_pb_row_4 et_pb_row et_pb_row_nested et_flex_row preset--module--divi-row--default\" id=\"data-collected\">\n<div class=\"et_pb_column_6 et_pb_column et_flex_column et_pb_css_mix_blend_mode_passthrough et_flex_column_3_24 et_flex_column_6_24_tablet et_flex_column_24_24_phone\">\n<div class=\"et_pb_icon_1 et_pb_icon et_pb_module et_flex_module preset--module--divi-icon--default\"><span class=\"et_pb_icon_wrap\"><span class=\"et-pb-icon\">\uf007<\/span><\/span><\/div>\n<\/div>\n\n<div class=\"et_pb_column_7 et_pb_column et-last-child et_flex_column et_pb_css_mix_blend_mode_passthrough et_flex_column_24_24 et_flex_column_18_24_tablet et_flex_column_24_24_phone\">\n<div class=\"et_pb_heading_2 et_pb_heading et_pb_module et_flex_module preset--group--divi-heading--divi-font--hp5h6dj--ouo1ujgovw preset--module--divi-heading--6909f15094d28\"><div class=\"et_pb_heading_container\"><h2 class=\"et_pb_module_header\">2. Welche Daten erfasst werden<\/h2><\/div><\/div>\n\n<div class=\"et_pb_text_3 et_pb_text et_pb_bg_layout_light et_pb_module et_flex_module preset--group--divi-text--divi-font-body--h19rs5u--default preset--group--divi-text--divi-font-body--h1yjkjr--default preset--module--divi-text--default\"><div class=\"et_pb_text_inner\"><p>Abh\u00e4ngig davon, wie Sie mit dieser Website interagieren, k\u00f6nnen bestimmte Informationen automatisch erfasst oder freiwillig von Ihnen bereitgestellt werden.<\/p>\n<p>Dazu geh\u00f6ren unter anderem:<\/p>\n<p>\u2022 Pers\u00f6nliche Informationen, die \u00fcber Kontaktformulare \u00fcbermittelt werden, wie Name, E-Mail-Adresse, Firmenname oder Nachrichteninhalt.<\/p>\n<p>\u2022 Technische Informationen, die beim Besuch der Website automatisch erfasst werden, einschlie\u00dflich IP-Adresse, Browsertyp, Betriebssystem, Ger\u00e4teinformationen, verweisende Seiten und ungef\u00e4hrer geografischer Standort.<\/p>\n<p>\u2022 Nutzungsdaten dar\u00fcber, wie Besucher mit der Website interagieren, wie besuchte Seiten, Verweildauer, Klicks und Navigationsverhalten.<\/p>\n<p>\u2022 Cookies und \u00e4hnliche Technologien, die verwendet werden, um die Funktionalit\u00e4t der Website zu verbessern, Datenverkehr zu analysieren, Einstellungen zu speichern und die Benutzererfahrung zu optimieren.<\/p>\n<p>Die Bereitstellung personenbezogener Daten \u00fcber Kontaktformulare erfolgt freiwillig. Bestimmte Funktionen der Website funktionieren jedoch m\u00f6glicherweise nicht korrekt ohne essenzielle Cookies oder technische Datenverarbeitung.<\/p>\n<\/div><\/div>\n<\/div>\n<\/div>\n\n<div class=\"et_pb_row_5 et_pb_row et_pb_row_nested et_flex_row preset--module--divi-row--default\" id=\"data-use\">\n<div class=\"et_pb_column_8 et_pb_column et_flex_column et_pb_css_mix_blend_mode_passthrough et_flex_column_3_24 et_flex_column_6_24_tablet et_flex_column_24_24_phone\">\n<div class=\"et_pb_icon_2 et_pb_icon et_pb_module et_flex_module preset--module--divi-icon--default\"><span class=\"et_pb_icon_wrap\"><span class=\"et-pb-icon\">h<\/span><\/span><\/div>\n<\/div>\n\n<div class=\"et_pb_column_9 et_pb_column et-last-child et_flex_column et_pb_css_mix_blend_mode_passthrough et_flex_column_24_24 et_flex_column_18_24_tablet et_flex_column_24_24_phone\">\n<div class=\"et_pb_heading_3 et_pb_heading et_pb_module et_flex_module preset--group--divi-heading--divi-font--hp5h6dj--ouo1ujgovw preset--module--divi-heading--6909f15094d28\"><div class=\"et_pb_heading_container\"><h2 class=\"et_pb_module_header\">3. Wie Ihre Daten verwendet werden<\/h2><\/div><\/div>\n\n<div class=\"et_pb_text_4 et_pb_text et_pb_bg_layout_light et_pb_module et_flex_module preset--group--divi-text--divi-font-body--h19rs5u--default preset--group--divi-text--divi-font-body--h1yjkjr--default preset--module--divi-text--default\"><div class=\"et_pb_text_inner\"><p>Die \u00fcber diese Website erfassten Informationen k\u00f6nnen f\u00fcr folgende Zwecke verwendet werden:<\/p>\n<p>\u2022 Zur Beantwortung von Anfragen, Projektanfragen oder Nachrichten, die \u00fcber Kontaktformulare \u00fcbermittelt werden.<\/p>\n<p>\u2022 Zur Bereitstellung von Webentwicklung, Beratung, Wartung, Hosting oder verwandten Dienstleistungen, die von Kunden oder Besuchern angefragt werden.<\/p>\n<p>\u2022 Zur Verbesserung der Funktionalit\u00e4t, Benutzerfreundlichkeit, Performance und allgemeinen Nutzererfahrung der Website.<\/p>\n<p>\u2022 Zur Analyse von Website-Traffic, Nutzungsstatistiken und technischer Performance mithilfe von Analyse- und Diagnosetools.<\/p>\n<p>\u2022 Zur Gew\u00e4hrleistung der Sicherheit der Website sowie zum Schutz vor Spam, Missbrauch, unbefugtem Zugriff oder anderen sch\u00e4dlichen Aktivit\u00e4ten.<\/p>\n<p>Personenbezogene Daten werden nur verarbeitet, wenn hierf\u00fcr eine rechtliche Grundlage besteht, beispielsweise eine Einwilligung, berechtigte Interessen, vertragliche Notwendigkeit oder gesetzliche Verpflichtungen.<\/p>\n<\/div><\/div>\n<\/div>\n<\/div>\n\n<div class=\"et_pb_row_6 et_pb_row et_pb_row_nested et_flex_row preset--module--divi-row--default\" id=\"cookies\">\n<div class=\"et_pb_column_10 et_pb_column et_flex_column et_pb_css_mix_blend_mode_passthrough et_flex_column_3_24 et_flex_column_6_24_tablet et_flex_column_24_24_phone\">\n<div class=\"et_pb_icon_3 et_pb_icon et_pb_module et_flex_module preset--module--divi-icon--default\"><span class=\"et_pb_icon_wrap\"><span class=\"et-pb-icon\">\uf564<\/span><\/span><\/div>\n<\/div>\n\n<div class=\"et_pb_column_11 et_pb_column et-last-child et_flex_column et_pb_css_mix_blend_mode_passthrough et_flex_column_24_24 et_flex_column_18_24_tablet et_flex_column_24_24_phone\">\n<div class=\"et_pb_heading_4 et_pb_heading et_pb_module et_flex_module preset--group--divi-heading--divi-font--hp5h6dj--ouo1ujgovw preset--module--divi-heading--6909f15094d28\"><div class=\"et_pb_heading_container\"><h2 class=\"et_pb_module_header\">4. Cookies &amp; Tracking<\/h2><\/div><\/div>\n\n<div class=\"et_pb_text_5 et_pb_text et_pb_bg_layout_light et_pb_module et_flex_module preset--group--divi-text--divi-font-body--h19rs5u--default preset--group--divi-text--divi-font-body--h1yjkjr--default preset--module--divi-text--default\"><div class=\"et_pb_text_inner\"><p>Diese Website kann Cookies und \u00e4hnliche Technologien verwenden, um die Funktionalit\u00e4t zu verbessern, Website-Traffic zu analysieren, Benutzereinstellungen zu speichern und die Benutzererfahrung zu optimieren.<\/p>\n<p>Cookies sind kleine Textdateien, die von Ihrem Browser auf Ihrem Ger\u00e4t gespeichert werden. Einige Cookies sind f\u00fcr den ordnungsgem\u00e4\u00dfen Betrieb der Website erforderlich, w\u00e4hrend andere f\u00fcr Analyse-, Sprach-, Performance- oder Sicherheitszwecke verwendet werden.<\/p>\n<p>Drittanbieter-Dienste, die in die Website integriert sind, wie Analyse-Tools, eingebettete Inhalte oder Spam-Schutz-Systeme, k\u00f6nnen ebenfalls Cookies setzen oder technische Nutzungsdaten erfassen.<\/p>\n<p>Sie k\u00f6nnen Cookies jederzeit \u00fcber die Einstellungen Ihres Browsers verwalten oder deaktivieren. Bitte beachten Sie, dass bestimmte Funktionen oder Leistungen der Website dadurch eingeschr\u00e4nkt sein k\u00f6nnen.<\/p>\n<\/div><\/div>\n<\/div>\n<\/div>\n\n<div class=\"et_pb_row_7 et_pb_row et_pb_row_nested et_flex_row preset--module--divi-row--default\" id=\"third-party\">\n<div class=\"et_pb_column_12 et_pb_column et_flex_column et_pb_css_mix_blend_mode_passthrough et_flex_column_3_24 et_flex_column_6_24_tablet et_flex_column_24_24_phone\">\n<div class=\"et_pb_icon_4 et_pb_icon et_pb_module et_flex_module preset--module--divi-icon--default\"><span class=\"et_pb_icon_wrap\"><span class=\"et-pb-icon\">\uf35d<\/span><\/span><\/div>\n<\/div>\n\n<div class=\"et_pb_column_13 et_pb_column et-last-child et_flex_column et_pb_css_mix_blend_mode_passthrough et_flex_column_24_24 et_flex_column_18_24_tablet et_flex_column_24_24_phone\">\n<div class=\"et_pb_heading_5 et_pb_heading et_pb_module et_flex_module preset--group--divi-heading--divi-font--hp5h6dj--ouo1ujgovw preset--module--divi-heading--6909f15094d28\"><div class=\"et_pb_heading_container\"><h2 class=\"et_pb_module_header\">5. Drittanbieter-Dienste<\/h2><\/div><\/div>\n\n<div class=\"et_pb_text_6 et_pb_text et_pb_bg_layout_light et_pb_module et_flex_module preset--group--divi-text--divi-font-body--h19rs5u--default preset--group--divi-text--divi-font-body--h1yjkjr--default preset--module--divi-text--default\"><div class=\"et_pb_text_inner\"><p>Diese Website kann vertrauensw\u00fcrdige Drittanbieter-Dienste verwenden, um Funktionalit\u00e4t, Sicherheit, Analyse, Kommunikation und die allgemeine Benutzererfahrung zu verbessern.<\/p>\n<p>Diese Dienste k\u00f6nnen technische oder personenbezogene Daten gem\u00e4\u00df ihren eigenen Datenschutzrichtlinien und geltenden gesetzlichen Bestimmungen verarbeiten.<\/p>\n<p>Zu den auf dieser Website verwendeten Drittanbieter-Diensten k\u00f6nnen geh\u00f6ren:<\/p>\n<p>\u2022 Google Analytics \u2013 Analyse von Website-Traffic und Nutzungsverhalten<\/p>\n<p>\u2022 Google reCAPTCHA \u2013 Schutz von Kontaktformularen vor Spam und Missbrauch<\/p>\n<p>\u2022 Hostinger \u2013 Hosting- und Infrastruktur-Dienstleistungen<\/p>\n<p>\u2022 TranslatePress \u2013 Mehrsprachigkeits- und Sprachfunktionen der Website<\/p>\n<p>\u2022 LiteSpeed Cache oder CDN-bezogene Dienste \u2013 Performance-Optimierung und Caching<\/p>\n<p>Diese Anbieter k\u00f6nnen technisch notwendige Daten wie IP-Adressen, Browserinformationen, Ger\u00e4tedaten, Cookies oder Nutzungsverhalten verarbeiten.<\/p>\n<\/div><\/div>\n<\/div>\n<\/div>\n\n<div class=\"et_pb_row_8 et_pb_row et_pb_row_nested et_flex_row preset--module--divi-row--default\" id=\"security\">\n<div class=\"et_pb_column_14 et_pb_column et_flex_column et_pb_css_mix_blend_mode_passthrough et_flex_column_3_24 et_flex_column_6_24_tablet et_flex_column_24_24_phone\">\n<div class=\"et_pb_icon_5 et_pb_icon et_pb_module et_flex_module preset--module--divi-icon--default\"><span class=\"et_pb_icon_wrap\"><span class=\"et-pb-icon\">~<\/span><\/span><\/div>\n<\/div>\n\n<div class=\"et_pb_column_15 et_pb_column et-last-child et_flex_column et_pb_css_mix_blend_mode_passthrough et_flex_column_24_24 et_flex_column_18_24_tablet et_flex_column_24_24_phone\">\n<div class=\"et_pb_heading_6 et_pb_heading et_pb_module et_flex_module preset--group--divi-heading--divi-font--hp5h6dj--ouo1ujgovw preset--module--divi-heading--6909f15094d28\"><div class=\"et_pb_heading_container\"><h2 class=\"et_pb_module_header\">6. Datenspeicherung &amp; Sicherheit<\/h2><\/div><\/div>\n\n<div class=\"et_pb_text_7 et_pb_text et_pb_bg_layout_light et_pb_module et_flex_module preset--group--divi-text--divi-font-body--h19rs5u--default preset--group--divi-text--divi-font-body--h1yjkjr--default preset--module--divi-text--default\"><div class=\"et_pb_text_inner\"><p>Es werden angemessene technische und organisatorische Ma\u00dfnahmen umgesetzt, um personenbezogene Daten vor unbefugtem Zugriff, Missbrauch, Verlust, Offenlegung oder Ver\u00e4nderung zu sch\u00fctzen.<\/p>\n<p>\u00dcber diese Website \u00fcbermittelte personenbezogene Daten k\u00f6nnen auf sicherer Hosting-Infrastruktur gespeichert und durch Sicherheitsma\u00dfnahmen, Zugriffskontrollen, Software-Updates und \u00dcberwachungssysteme gesch\u00fctzt werden.<\/p>\n<p>Trotz aller angemessenen Sicherheitsma\u00dfnahmen kann keine Methode der Daten\u00fcbertragung oder elektronischen Speicherung vollst\u00e4ndig sicher garantiert werden. Besucher nutzen diese Website und \u00fcbermitteln Informationen daher auf eigenes Risiko.<\/p>\n<\/div><\/div>\n<\/div>\n<\/div>\n\n<div class=\"et_pb_row_9 et_pb_row et_pb_row_nested et_flex_row preset--module--divi-row--default\" id=\"rights\">\n<div class=\"et_pb_column_16 et_pb_column et_flex_column et_pb_css_mix_blend_mode_passthrough et_flex_column_3_24 et_flex_column_6_24_tablet et_flex_column_24_24_phone\">\n<div class=\"et_pb_icon_6 et_pb_icon et_pb_module et_flex_module preset--module--divi-icon--default\"><span class=\"et_pb_icon_wrap\"><span class=\"et-pb-icon\">\uf007<\/span><\/span><\/div>\n<\/div>\n\n<div class=\"et_pb_column_17 et_pb_column et-last-child et_flex_column et_pb_css_mix_blend_mode_passthrough et_flex_column_24_24 et_flex_column_18_24_tablet et_flex_column_24_24_phone\">\n<div class=\"et_pb_heading_7 et_pb_heading et_pb_module et_flex_module preset--group--divi-heading--divi-font--hp5h6dj--ouo1ujgovw preset--module--divi-heading--6909f15094d28\"><div class=\"et_pb_heading_container\"><h2 class=\"et_pb_module_header\">7. Ihre Rechte<\/h2><\/div><\/div>\n\n<div class=\"et_pb_text_8 et_pb_text et_pb_bg_layout_light et_pb_module et_flex_module preset--group--divi-text--divi-font-body--h19rs5u--default preset--group--divi-text--divi-font-body--h1yjkjr--default preset--module--divi-text--default\"><div class=\"et_pb_text_inner\"><p>Gem\u00e4\u00df geltendem Datenschutzrecht, einschlie\u00dflich der DSGVO, haben Sie m\u00f6glicherweise das Recht:<\/p>\n<p>\u2022 Auskunft \u00fcber gespeicherte personenbezogene Daten zu erhalten<\/p>\n<p>\u2022 Die Berichtigung unrichtiger oder unvollst\u00e4ndiger Daten zu verlangen<\/p>\n<p>\u2022 Die L\u00f6schung personenbezogener Daten zu verlangen, soweit gesetzlich zul\u00e4ssig<\/p>\n<p>\u2022 Bestimmten Arten der Datenverarbeitung zu widersprechen<\/p>\n<p>\u2022 Eine erteilte Einwilligung jederzeit zu widerrufen<\/p>\n<p>\u2022 Die Einschr\u00e4nkung der Verarbeitung in bestimmten F\u00e4llen zu verlangen<\/p>\n<p>\u2022 Beschwerde bei einer zust\u00e4ndigen Datenschutzbeh\u00f6rde einzureichen<\/p>\n<p>Wenn Sie eines dieser Rechte aus\u00fcben m\u00f6chten oder Fragen zu Ihren personenbezogenen Daten haben, k\u00f6nnen Sie mich \u00fcber die auf dieser Website angegebenen Kontaktdaten kontaktieren.<\/p>\n<\/div><\/div>\n<\/div>\n<\/div>\n\n<div class=\"et_pb_row_10 et_pb_row et_pb_row_nested et_flex_row preset--module--divi-row--default\" id=\"retention\">\n<div class=\"et_pb_column_18 et_pb_column et_flex_column et_pb_css_mix_blend_mode_passthrough et_flex_column_3_24 et_flex_column_6_24_tablet et_flex_column_24_24_phone\">\n<div class=\"et_pb_icon_7 et_pb_icon et_pb_module et_flex_module preset--module--divi-icon--default\"><span class=\"et_pb_icon_wrap\"><span class=\"et-pb-icon\">\uf1c0<\/span><\/span><\/div>\n<\/div>\n\n<div class=\"et_pb_column_19 et_pb_column et-last-child et_flex_column et_pb_css_mix_blend_mode_passthrough et_flex_column_24_24 et_flex_column_18_24_tablet et_flex_column_24_24_phone\">\n<div class=\"et_pb_heading_8 et_pb_heading et_pb_module et_flex_module preset--group--divi-heading--divi-font--hp5h6dj--ouo1ujgovw preset--module--divi-heading--6909f15094d28\"><div class=\"et_pb_heading_container\"><h2 class=\"et_pb_module_header\">8. Datenspeicherung<\/h2><\/div><\/div>\n\n<div class=\"et_pb_text_9 et_pb_text et_pb_bg_layout_light et_pb_module et_flex_module preset--group--divi-text--divi-font-body--h19rs5u--default preset--group--divi-text--divi-font-body--h1yjkjr--default preset--module--divi-text--default\"><div class=\"et_pb_text_inner\"><p>Personenbezogene Daten werden nur so lange gespeichert, wie es zur Erf\u00fcllung der in dieser Datenschutzerkl\u00e4rung beschriebenen Zwecke erforderlich ist, einschlie\u00dflich Kommunikation, Leistungserbringung, gesetzlicher Verpflichtungen, Sicherheits\u00fcberwachung oder Streitbeilegung.<\/p>\n<p>Informationen, die \u00fcber Kontaktformulare oder direkte Kommunikation \u00fcbermittelt werden, k\u00f6nnen f\u00fcr einen angemessenen Zeitraum gespeichert werden, um Gesch\u00e4ftskommunikation, laufenden Support oder gesetzliche Anforderungen zu erf\u00fcllen.<\/p>\n<p>Technische und analysebezogene Daten k\u00f6nnen vor\u00fcbergehend f\u00fcr Performance-\u00dcberwachung, Website-Optimierung, Sicherheitsanalysen oder statistische Auswertungen gespeichert werden.<\/p>\n<\/div><\/div>\n<\/div>\n<\/div>\n\n<div class=\"et_pb_row_11 et_pb_row et_pb_row_nested et_flex_row preset--module--divi-row--default\" id=\"contact\">\n<div class=\"et_pb_column_20 et_pb_column et_flex_column et_pb_css_mix_blend_mode_passthrough et_flex_column_3_24 et_flex_column_6_24_tablet et_flex_column_24_24_phone\">\n<div class=\"et_pb_icon_8 et_pb_icon et_pb_module et_flex_module preset--module--divi-icon--default\"><span class=\"et_pb_icon_wrap\"><span class=\"et-pb-icon\">\uf0e0<\/span><\/span><\/div>\n<\/div>\n\n<div class=\"et_pb_column_21 et_pb_column et-last-child et_flex_column et_pb_css_mix_blend_mode_passthrough et_flex_column_24_24 et_flex_column_18_24_tablet et_flex_column_24_24_phone\">\n<div class=\"et_pb_heading_9 et_pb_heading et_pb_module et_flex_module preset--group--divi-heading--divi-font--hp5h6dj--ouo1ujgovw preset--module--divi-heading--6909f15094d28\"><div class=\"et_pb_heading_container\"><h2 class=\"et_pb_module_header\">9. Kontakt<\/h2><\/div><\/div>\n\n<div class=\"et_pb_text_10 et_pb_text et_pb_bg_layout_light et_pb_module et_flex_module preset--group--divi-text--divi-font-body--h19rs5u--default preset--group--divi-text--divi-font-body--h1yjkjr--default preset--module--divi-text--default\"><div class=\"et_pb_text_inner\"><p>Wenn Sie Fragen zu dieser Datenschutzerkl\u00e4rung, zur Verarbeitung personenbezogener Daten oder zu Ihren Rechten gem\u00e4\u00df geltendem Datenschutzrecht haben, k\u00f6nnen Sie mich \u00fcber die folgenden Informationen kontaktieren.<\/p>\n<p>E-Mail:<br \/>web-development@vaismand.com<\/p>\n<p>Website:<br \/>vaismand.com<\/p>\n<p>Standort:<br \/>Wien, \u00d6sterreich<\/p>\n<\/div><\/div>\n<\/div>\n<\/div>\n\n<div class=\"et_pb_row_12 et_pb_row et_pb_row_nested et_flex_row preset--module--divi-row--default\" id=\"changes\">\n<div class=\"et_pb_column_22 et_pb_column et_flex_column et_pb_css_mix_blend_mode_passthrough et_flex_column_3_24 et_flex_column_6_24_tablet et_flex_column_24_24_phone\">\n<div class=\"et_pb_icon_9 et_pb_icon et_pb_module et_flex_module preset--module--divi-icon--default\"><span class=\"et_pb_icon_wrap\"><span class=\"et-pb-icon\">\uf2f1<\/span><\/span><\/div>\n<\/div>\n\n<div class=\"et_pb_column_23 et_pb_column et-last-child et_flex_column et_pb_css_mix_blend_mode_passthrough et_flex_column_24_24 et_flex_column_18_24_tablet et_flex_column_24_24_phone\">\n<div class=\"et_pb_heading_10 et_pb_heading et_pb_module et_flex_module preset--group--divi-heading--divi-font--hp5h6dj--ouo1ujgovw preset--module--divi-heading--6909f15094d28\"><div class=\"et_pb_heading_container\"><h2 class=\"et_pb_module_header\">10. Changes to This Privacy Policy<\/h2><\/div><\/div>\n\n<div class=\"et_pb_text_11 et_pb_text et_pb_bg_layout_light et_pb_module et_flex_module preset--group--divi-text--divi-font-body--h19rs5u--default preset--group--divi-text--divi-font-body--h1yjkjr--default preset--module--divi-text--default\"><div class=\"et_pb_text_inner\"><p>Diese Datenschutzerkl\u00e4rung kann gelegentlich aktualisiert oder angepasst werden, um \u00c4nderungen gesetzlicher Anforderungen, technischer Implementierungen, Website-Funktionen oder gesch\u00e4ftlicher Abl\u00e4ufe widerzuspiegeln.<\/p>\n<p>Die aktuellste Version wird jederzeit auf dieser Seite zusammen mit dem Aktualisierungsdatum ver\u00f6ffentlicht.<\/p>\n<p>Besucher werden empfohlen, diese Datenschutzerkl\u00e4rung regelm\u00e4\u00dfig zu \u00fcberpr\u00fcfen, um dar\u00fcber informiert zu bleiben, wie personenbezogene Daten verarbeitet und gesch\u00fctzt werden.<\/p>\n<\/div><\/div>\n<\/div>\n<\/div>\n<\/div>\n<\/div>\n<\/div>\n<\/div>\n<\/div>","protected":false},"excerpt":{"rendered":"","protected":false},"author":1,"featured_media":0,"parent":0,"menu_order":0,"comment_status":"closed","ping_status":"open","template":"","meta":{"footnotes":""},"class_list":["post-3","page","type-page","status-publish","hentry"],"aioseo_notices":[],"_links":{"self":[{"href":"https:\/\/vaismand.com\/at\/wp-json\/wp\/v2\/pages\/3","targetHints":{"allow":["GET"]}}],"collection":[{"href":"https:\/\/vaismand.com\/at\/wp-json\/wp\/v2\/pages"}],"about":[{"href":"https:\/\/vaismand.com\/at\/wp-json\/wp\/v2\/types\/page"}],"author":[{"embeddable":true,"href":"https:\/\/vaismand.com\/at\/wp-json\/wp\/v2\/users\/1"}],"replies":[{"embeddable":true,"href":"https:\/\/vaismand.com\/at\/wp-json\/wp\/v2\/comments?post=3"}],"version-history":[{"count":29,"href":"https:\/\/vaismand.com\/at\/wp-json\/wp\/v2\/pages\/3\/revisions"}],"predecessor-version":[{"id":1180,"href":"https:\/\/vaismand.com\/at\/wp-json\/wp\/v2\/pages\/3\/revisions\/1180"}],"wp:attachment":[{"href":"https:\/\/vaismand.com\/at\/wp-json\/wp\/v2\/media?parent=3"}],"curies":[{"name":"wp","href":"https:\/\/api.w.org\/{rel}","templated":true}]}}