{"id":1182,"date":"2026-05-13T10:46:13","date_gmt":"2026-05-13T10:46:13","guid":{"rendered":"https:\/\/vaismand.com\/?page_id=1182"},"modified":"2026-05-13T12:12:32","modified_gmt":"2026-05-13T12:12:32","slug":"impressum","status":"publish","type":"page","link":"https:\/\/vaismand.com\/at\/impressum\/","title":{"rendered":"Impressum"},"content":{"rendered":"<div class=\"et_pb_section_0 et_pb_section et_section_regular et_block_section\">\n<div class=\"et_pb_row_0 et_pb_row et_flex_row preset--module--divi-row--default\">\n<div class=\"et_pb_column_0 et_pb_column et-last-child et_flex_column et_pb_css_mix_blend_mode_passthrough et_flex_column_24_24 et_flex_column_24_24_tablet et_flex_column_24_24_phone\">\n<div class=\"et_pb_heading_0 et_pb_heading et_pb_module et_flex_module preset--group--divi-heading--divi-font--hm5q2bb--default preset--group--divi-heading--divi-font--hp5h6dj--default preset--module--divi-heading--ddeb8c09-9078-4424-bc15-2efb6572e28e\"><div class=\"et_pb_heading_container\"><h1 class=\"et_pb_module_header\">Impressum<\/h1><\/div><\/div>\n\n<div class=\"et_pb_text_0 et_pb_text et_pb_bg_layout_light et_pb_module et_flex_module preset--group--divi-text--divi-font-body--h19rs5u--default preset--group--divi-text--divi-font-body--h1yjkjr--default preset--module--divi-text--default\"><div class=\"et_pb_text_inner\"><p>Dieses Impressum enth\u00e4lt rechtliche Informationen, Kontaktdaten sowie Angaben zur Verantwortlichkeit f\u00fcr den Betrieb dieser Website und die \u00fcber vaismand.com angebotenen Dienstleistungen.<\/p>\n<\/div><\/div>\n\n<div class=\"et_pb_divider_0 et_pb_divider et_pb_space et_pb_divider_position_top et_pb_module preset--module--divi-divider--default\"><div class=\"et_pb_divider_internal\"><\/div><\/div>\n\n<div class=\"et_pb_text_1 et_pb_text et_pb_bg_layout_light et_pb_module et_flex_module preset--group--divi-text--divi-font-body--h19rs5u--default preset--group--divi-text--divi-font-body--h1yjkjr--default preset--module--divi-text--default\"><div class=\"et_pb_text_inner\"><p>Zuletzt aktualisiert: 13. Mai 2026<\/p>\n<\/div><\/div>\n<\/div>\n<\/div>\n\n<div class=\"et_pb_row_1 et_pb_row et_flex_row preset--module--divi-row--default\">\n<div class=\"et_pb_column_1 et_pb_column et_flex_column et_pb_css_mix_blend_mode_passthrough et_flex_column_6_24 et_flex_column_6_24_tablet et_flex_column_24_24_phone legal-sidebar-column\">\n<div class=\"et_pb_code_0 et_pb_code et_pb_module\"><div class=\"et_pb_code_inner\"><div class=\"legal-sidebar\">\n  <p class=\"legal-sidebar-title\">Auf dieser Seite<\/p>\n\n  <a href=\"#responsible\" class=\"sidebar-link2\">1. Verantwortlich f\u00fcr Inhalte<\/a>\n  <a href=\"#business\" class=\"sidebar-link2\">2. Gesch\u00e4ftst\u00e4tigkeit<\/a>\n  <a href=\"#location\" class=\"sidebar-link2\">3. Standort<\/a>\n  <a href=\"#contact\" class=\"sidebar-link2\">4. Kontakt<\/a>\n  <a href=\"#website\" class=\"sidebar-link2\">5. Website<\/a>\n  <a href=\"#liability\" class=\"sidebar-link2\">6. Haftungsausschluss<\/a>\n\t<a href=\"#copyright\" class=\"sidebar-link2\">7. Urheberrechtshinweis<\/a>\n<\/div><\/div><\/div>\n<\/div>\n\n<div class=\"et_pb_column_2 et_pb_column et-last-child et_flex_column et_pb_css_mix_blend_mode_passthrough et_flex_column_18_24 et_flex_column_18_24_tablet et_flex_column_24_24_phone\">\n<div class=\"et_pb_row_2 et_pb_row et_pb_row_nested et_flex_row preset--module--divi-row--default\">\n<div class=\"et_pb_column_3 et_pb_column et-last-child et_flex_column et_pb_css_mix_blend_mode_passthrough et_flex_column_24_24 et_flex_column_24_24_tablet et_flex_column_24_24_phone\">\n<div class=\"et_pb_row_3 et_pb_row et_pb_row_nested et_flex_row preset--module--divi-row--default\" id=\"responsible\">\n<div class=\"et_pb_column_4 et_pb_column et_flex_column et_pb_css_mix_blend_mode_passthrough et_flex_column_3_24 et_flex_column_6_24_tablet et_flex_column_24_24_phone\">\n<div class=\"et_pb_icon_0 et_pb_icon et_pb_module et_flex_module preset--module--divi-icon--default\"><span class=\"et_pb_icon_wrap\"><span class=\"et-pb-icon\">\uf4ff<\/span><\/span><\/div>\n<\/div>\n\n<div class=\"et_pb_column_5 et_pb_column et-last-child et_flex_column et_pb_css_mix_blend_mode_passthrough et_flex_column_24_24 et_flex_column_18_24_tablet et_flex_column_24_24_phone\">\n<div class=\"et_pb_heading_1 et_pb_heading et_pb_module et_flex_module preset--group--divi-heading--divi-font--hp5h6dj--ouo1ujgovw preset--module--divi-heading--6909f15094d28\"><div class=\"et_pb_heading_container\"><h2 class=\"et_pb_module_header\">1. Verantwortlich f\u00fcr Inhalte<\/h2><\/div><\/div>\n\n<div class=\"et_pb_text_2 et_pb_text et_pb_bg_layout_light et_pb_module et_flex_module preset--group--divi-text--divi-font-body--h19rs5u--default preset--group--divi-text--divi-font-body--h1yjkjr--default preset--module--divi-text--default\"><div class=\"et_pb_text_inner\"><p>David Vaisman<\/p>\n<\/div><\/div>\n<\/div>\n<\/div>\n\n<div class=\"et_pb_row_4 et_pb_row et_pb_row_nested et_flex_row preset--module--divi-row--default\" id=\"business\">\n<div class=\"et_pb_column_6 et_pb_column et_flex_column et_pb_css_mix_blend_mode_passthrough et_flex_column_3_24 et_flex_column_6_24_tablet et_flex_column_24_24_phone\">\n<div class=\"et_pb_icon_1 et_pb_icon et_pb_module et_flex_module preset--module--divi-icon--default\"><span class=\"et_pb_icon_wrap\"><span class=\"et-pb-icon\">\ue0f4<\/span><\/span><\/div>\n<\/div>\n\n<div class=\"et_pb_column_7 et_pb_column et-last-child et_flex_column et_pb_css_mix_blend_mode_passthrough et_flex_column_24_24 et_flex_column_18_24_tablet et_flex_column_24_24_phone\">\n<div class=\"et_pb_heading_2 et_pb_heading et_pb_module et_flex_module preset--group--divi-heading--divi-font--hp5h6dj--ouo1ujgovw preset--module--divi-heading--6909f15094d28\"><div class=\"et_pb_heading_container\"><h2 class=\"et_pb_module_header\">2. Gesch\u00e4ftst\u00e4tigkeit<\/h2><\/div><\/div>\n\n<div class=\"et_pb_text_3 et_pb_text et_pb_bg_layout_light et_pb_module et_flex_module preset--group--divi-text--divi-font-body--h19rs5u--default preset--group--divi-text--divi-font-body--h1yjkjr--default preset--module--divi-text--default\"><div class=\"et_pb_text_inner\"><p>Freiberufliche Webentwicklung und Beratung<\/p>\n<\/div><\/div>\n<\/div>\n<\/div>\n\n<div class=\"et_pb_row_5 et_pb_row et_pb_row_nested et_flex_row preset--module--divi-row--default\" id=\"location\">\n<div class=\"et_pb_column_8 et_pb_column et_flex_column et_pb_css_mix_blend_mode_passthrough et_flex_column_3_24 et_flex_column_6_24_tablet et_flex_column_24_24_phone\">\n<div class=\"et_pb_icon_2 et_pb_icon et_pb_module et_flex_module preset--module--divi-icon--default\"><span class=\"et_pb_icon_wrap\"><span class=\"et-pb-icon\">\ue081<\/span><\/span><\/div>\n<\/div>\n\n<div class=\"et_pb_column_9 et_pb_column et-last-child et_flex_column et_pb_css_mix_blend_mode_passthrough et_flex_column_24_24 et_flex_column_18_24_tablet et_flex_column_24_24_phone\">\n<div class=\"et_pb_heading_3 et_pb_heading et_pb_module et_flex_module preset--group--divi-heading--divi-font--hp5h6dj--ouo1ujgovw preset--module--divi-heading--6909f15094d28\"><div class=\"et_pb_heading_container\"><h2 class=\"et_pb_module_header\">3. Standort<\/h2><\/div><\/div>\n\n<div class=\"et_pb_text_4 et_pb_text et_pb_bg_layout_light et_pb_module et_flex_module preset--group--divi-text--divi-font-body--h19rs5u--default preset--group--divi-text--divi-font-body--h1yjkjr--default preset--module--divi-text--default\"><div class=\"et_pb_text_inner\"><p>Wien, \u00d6sterreich<\/p>\n<\/div><\/div>\n<\/div>\n<\/div>\n\n<div class=\"et_pb_row_6 et_pb_row et_pb_row_nested et_flex_row preset--module--divi-row--default\" id=\"contact\">\n<div class=\"et_pb_column_10 et_pb_column et_flex_column et_pb_css_mix_blend_mode_passthrough et_flex_column_3_24 et_flex_column_6_24_tablet et_flex_column_24_24_phone\">\n<div class=\"et_pb_icon_3 et_pb_icon et_pb_module et_flex_module preset--module--divi-icon--default\"><span class=\"et_pb_icon_wrap\"><span class=\"et-pb-icon\">\ue076<\/span><\/span><\/div>\n<\/div>\n\n<div class=\"et_pb_column_11 et_pb_column et-last-child et_flex_column et_pb_css_mix_blend_mode_passthrough et_flex_column_24_24 et_flex_column_18_24_tablet et_flex_column_24_24_phone\">\n<div class=\"et_pb_heading_4 et_pb_heading et_pb_module et_flex_module preset--group--divi-heading--divi-font--hp5h6dj--ouo1ujgovw preset--module--divi-heading--6909f15094d28\"><div class=\"et_pb_heading_container\"><h2 class=\"et_pb_module_header\">4. Kontakt<\/h2><\/div><\/div>\n\n<div class=\"et_pb_text_5 et_pb_text et_pb_bg_layout_light et_pb_module et_flex_module preset--group--divi-text--divi-font-body--h19rs5u--default preset--group--divi-text--divi-font-body--h1yjkjr--default preset--module--divi-text--default\"><div class=\"et_pb_text_inner\"><p>web-development@vaismand.com<\/p>\n<\/div><\/div>\n<\/div>\n<\/div>\n\n<div class=\"et_pb_row_7 et_pb_row et_pb_row_nested et_flex_row preset--module--divi-row--default\" id=\"website\">\n<div class=\"et_pb_column_12 et_pb_column et_flex_column et_pb_css_mix_blend_mode_passthrough et_flex_column_3_24 et_flex_column_6_24_tablet et_flex_column_24_24_phone\">\n<div class=\"et_pb_icon_4 et_pb_icon et_pb_module et_flex_module preset--module--divi-icon--default\"><span class=\"et_pb_icon_wrap\"><span class=\"et-pb-icon\">\ue609<\/span><\/span><\/div>\n<\/div>\n\n<div class=\"et_pb_column_13 et_pb_column et-last-child et_flex_column et_pb_css_mix_blend_mode_passthrough et_flex_column_24_24 et_flex_column_18_24_tablet et_flex_column_24_24_phone\">\n<div class=\"et_pb_heading_5 et_pb_heading et_pb_module et_flex_module preset--group--divi-heading--divi-font--hp5h6dj--ouo1ujgovw preset--module--divi-heading--6909f15094d28\"><div class=\"et_pb_heading_container\"><h2 class=\"et_pb_module_header\">5. Website<\/h2><\/div><\/div>\n\n<div class=\"et_pb_text_6 et_pb_text et_pb_bg_layout_light et_pb_module et_flex_module preset--group--divi-text--divi-font-body--h19rs5u--default preset--group--divi-text--divi-font-body--h1yjkjr--default preset--module--divi-text--default\"><div class=\"et_pb_text_inner\"><p>vaismand.com<\/p>\n<\/div><\/div>\n<\/div>\n<\/div>\n\n<div class=\"et_pb_row_8 et_pb_row et_pb_row_nested et_flex_row preset--module--divi-row--default\" id=\"liability\">\n<div class=\"et_pb_column_14 et_pb_column et_flex_column et_pb_css_mix_blend_mode_passthrough et_flex_column_3_24 et_flex_column_6_24_tablet et_flex_column_24_24_phone\">\n<div class=\"et_pb_icon_5 et_pb_icon et_pb_module et_flex_module preset--module--divi-icon--default\"><span class=\"et_pb_icon_wrap\"><span class=\"et-pb-icon\">\uf3ed<\/span><\/span><\/div>\n<\/div>\n\n<div class=\"et_pb_column_15 et_pb_column et-last-child et_flex_column et_pb_css_mix_blend_mode_passthrough et_flex_column_24_24 et_flex_column_18_24_tablet et_flex_column_24_24_phone\">\n<div class=\"et_pb_heading_6 et_pb_heading et_pb_module et_flex_module preset--group--divi-heading--divi-font--hp5h6dj--ouo1ujgovw preset--module--divi-heading--6909f15094d28\"><div class=\"et_pb_heading_container\"><h2 class=\"et_pb_module_header\">6. Haftungsausschluss<\/h2><\/div><\/div>\n\n<div class=\"et_pb_text_7 et_pb_text et_pb_bg_layout_light et_pb_module et_flex_module preset--group--divi-text--divi-font-body--h19rs5u--default preset--group--divi-text--divi-font-body--h1yjkjr--default preset--module--divi-text--default\"><div class=\"et_pb_text_inner\"><p>Die Inhalte dieser Website wurden mit gr\u00f6\u00dftm\u00f6glicher Sorgfalt erstellt. Dennoch kann keine Gew\u00e4hr f\u00fcr die Richtigkeit, Vollst\u00e4ndigkeit oder Aktualit\u00e4t der bereitgestellten Informationen \u00fcbernommen werden.<\/p>\n<p>Trotz sorgf\u00e4ltiger Kontrolle externer Links wird keine Haftung f\u00fcr die Inhalte verlinkter Drittanbieter-Websites \u00fcbernommen. F\u00fcr den Inhalt der verlinkten Seiten sind ausschlie\u00dflich deren Betreiber verantwortlich.<\/p>\n<p>Alle auf dieser Website ver\u00f6ffentlichten Inhalte, Designs und Materialien unterliegen \u2014 sofern nicht anders angegeben \u2014 den geltenden Urheber- und Schutzrechten.<\/p>\n<\/div><\/div>\n<\/div>\n<\/div>\n\n<div class=\"et_pb_row_9 et_pb_row et_pb_row_nested et_flex_row preset--module--divi-row--default\" id=\"copyright\">\n<div class=\"et_pb_column_16 et_pb_column et_flex_column et_pb_css_mix_blend_mode_passthrough et_flex_column_3_24 et_flex_column_6_24_tablet et_flex_column_24_24_phone\">\n<div class=\"et_pb_icon_6 et_pb_icon et_pb_module et_flex_module preset--module--divi-icon--default\"><span class=\"et_pb_icon_wrap\"><span class=\"et-pb-icon\">\uf1f9<\/span><\/span><\/div>\n<\/div>\n\n<div class=\"et_pb_column_17 et_pb_column et-last-child et_flex_column et_pb_css_mix_blend_mode_passthrough et_flex_column_24_24 et_flex_column_18_24_tablet et_flex_column_24_24_phone\">\n<div class=\"et_pb_heading_7 et_pb_heading et_pb_module et_flex_module preset--group--divi-heading--divi-font--hp5h6dj--ouo1ujgovw preset--module--divi-heading--6909f15094d28\"><div class=\"et_pb_heading_container\"><h2 class=\"et_pb_module_header\">7. Urheberrechtshinweis<\/h2><\/div><\/div>\n\n<div class=\"et_pb_text_8 et_pb_text et_pb_bg_layout_light et_pb_module et_flex_module preset--group--divi-text--divi-font-body--h19rs5u--default preset--group--divi-text--divi-font-body--h1yjkjr--default preset--module--divi-text--default\"><div class=\"et_pb_text_inner\"><p>Sofern nicht anders angegeben, sind s\u00e4mtliche Inhalte, Bilder, Layouts, Branding-Elemente und Webdesigns dieser Website geistiges Eigentum von David Vaisman und d\u00fcrfen ohne vorherige schriftliche Genehmigung nicht kopiert, vervielf\u00e4ltigt oder weiterverbreitet werden.<\/p>\n<\/div><\/div>\n<\/div>\n<\/div>\n<\/div>\n<\/div>\n<\/div>\n<\/div>\n<\/div>","protected":false},"excerpt":{"rendered":"","protected":false},"author":1,"featured_media":0,"parent":0,"menu_order":0,"comment_status":"closed","ping_status":"closed","template":"","meta":{"footnotes":""},"class_list":["post-1182","page","type-page","status-publish","hentry"],"aioseo_notices":[],"_links":{"self":[{"href":"https:\/\/vaismand.com\/at\/wp-json\/wp\/v2\/pages\/1182","targetHints":{"allow":["GET"]}}],"collection":[{"href":"https:\/\/vaismand.com\/at\/wp-json\/wp\/v2\/pages"}],"about":[{"href":"https:\/\/vaismand.com\/at\/wp-json\/wp\/v2\/types\/page"}],"author":[{"embeddable":true,"href":"https:\/\/vaismand.com\/at\/wp-json\/wp\/v2\/users\/1"}],"replies":[{"embeddable":true,"href":"https:\/\/vaismand.com\/at\/wp-json\/wp\/v2\/comments?post=1182"}],"version-history":[{"count":19,"href":"https:\/\/vaismand.com\/at\/wp-json\/wp\/v2\/pages\/1182\/revisions"}],"predecessor-version":[{"id":1202,"href":"https:\/\/vaismand.com\/at\/wp-json\/wp\/v2\/pages\/1182\/revisions\/1202"}],"wp:attachment":[{"href":"https:\/\/vaismand.com\/at\/wp-json\/wp\/v2\/media?parent=1182"}],"curies":[{"name":"wp","href":"https:\/\/api.w.org\/{rel}","templated":true}]}}